{"id":8112,"date":"2022-05-09T19:53:39","date_gmt":"2022-05-09T17:53:39","guid":{"rendered":"https:\/\/cantaburros.net\/post-cantaburros-wildlife\/"},"modified":"2022-09-01T18:02:44","modified_gmt":"2022-09-01T16:02:44","slug":"post-cantaburros-wildlife","status":"publish","type":"page","link":"https:\/\/cantaburros.es\/da\/post-cantaburros-wildlife\/","title":{"rendered":"Cantaburros Wild&#8217;life"},"content":{"rendered":"\t\t<div data-elementor-type=\"wp-post\" data-elementor-id=\"8112\" class=\"elementor elementor-8112\" data-elementor-post-type=\"page\">\n\t\t\t\t\t\t<section class=\"elementor-section elementor-top-section elementor-element elementor-element-6bc54ec8 elementor-section-height-min-height elementor-section-content-bottom elementor-section-full_width elementor-section-height-default elementor-section-items-middle\" data-id=\"6bc54ec8\" data-element_type=\"section\" data-e-type=\"section\" data-settings=\"{&quot;background_background&quot;:&quot;classic&quot;}\">\n\t\t\t\t\t\t\t<div class=\"elementor-background-overlay\"><\/div>\n\t\t\t\t\t\t\t<div class=\"elementor-container elementor-column-gap-no\">\n\t\t\t\t\t<div class=\"elementor-column elementor-col-100 elementor-top-column elementor-element elementor-element-440ef36f\" data-id=\"440ef36f\" data-element_type=\"column\" data-e-type=\"column\">\n\t\t\t<div class=\"elementor-widget-wrap elementor-element-populated\">\n\t\t\t\t\t\t<div class=\"elementor-element elementor-element-c103708 elementor-widget elementor-widget-image\" data-id=\"c103708\" data-element_type=\"widget\" data-e-type=\"widget\" data-widget_type=\"image.default\">\n\t\t\t\t<div class=\"elementor-widget-container\">\n\t\t\t\t\t\t\t\t\t\t\t\t\t\t\t<img fetchpriority=\"high\" decoding=\"async\" width=\"2560\" height=\"1280\" src=\"https:\/\/cantaburros.es\/wp-content\/uploads\/2021\/11\/Fauna-def-scaled.jpg\" class=\"attachment-full size-full wp-image-6079\" alt=\"\" srcset=\"https:\/\/cantaburros.es\/wp-content\/uploads\/2021\/11\/Fauna-def-scaled.jpg 2560w, https:\/\/cantaburros.es\/wp-content\/uploads\/2021\/11\/Fauna-def-300x150.jpg 300w, https:\/\/cantaburros.es\/wp-content\/uploads\/2021\/11\/Fauna-def-1024x512.jpg 1024w, https:\/\/cantaburros.es\/wp-content\/uploads\/2021\/11\/Fauna-def-768x384.jpg 768w, https:\/\/cantaburros.es\/wp-content\/uploads\/2021\/11\/Fauna-def-1536x768.jpg 1536w, https:\/\/cantaburros.es\/wp-content\/uploads\/2021\/11\/Fauna-def-2048x1024.jpg 2048w, https:\/\/cantaburros.es\/wp-content\/uploads\/2021\/11\/Fauna-def-1200x600.jpg 1200w\" sizes=\"(max-width: 2560px) 100vw, 2560px\" \/>\t\t\t\t\t\t\t\t\t\t\t\t\t\t\t<\/div>\n\t\t\t\t<\/div>\n\t\t\t\t\t<\/div>\n\t\t<\/div>\n\t\t\t\t\t<\/div>\n\t\t<\/section>\n\t\t\t\t<section class=\"elementor-section elementor-top-section elementor-element elementor-element-398d7898 elementor-section-height-min-height elementor-section-items-top elementor-section-boxed elementor-section-height-default\" data-id=\"398d7898\" data-element_type=\"section\" data-e-type=\"section\" data-settings=\"{&quot;background_background&quot;:&quot;classic&quot;}\">\n\t\t\t\t\t\t<div class=\"elementor-container elementor-column-gap-default\">\n\t\t\t\t\t<div class=\"elementor-column elementor-col-33 elementor-top-column elementor-element elementor-element-39b72532\" data-id=\"39b72532\" data-element_type=\"column\" data-e-type=\"column\">\n\t\t\t<div class=\"elementor-widget-wrap\">\n\t\t\t\t\t\t\t<\/div>\n\t\t<\/div>\n\t\t\t\t<div class=\"elementor-column elementor-col-33 elementor-top-column elementor-element elementor-element-a54627c\" data-id=\"a54627c\" data-element_type=\"column\" data-e-type=\"column\">\n\t\t\t<div class=\"elementor-widget-wrap elementor-element-populated\">\n\t\t\t\t\t\t<div class=\"elementor-element elementor-element-2300accc elementor-widget elementor-widget-heading\" data-id=\"2300accc\" data-element_type=\"widget\" data-e-type=\"widget\" data-widget_type=\"heading.default\">\n\t\t\t\t<div class=\"elementor-widget-container\">\n\t\t\t\t\t<h2 class=\"elementor-heading-title elementor-size-default\">Wild'life i Cantaburros<\/h2>\t\t\t\t<\/div>\n\t\t\t\t<\/div>\n\t\t\t\t<div class=\"elementor-element elementor-element-f108681 elementor-widget elementor-widget-heading\" data-id=\"f108681\" data-element_type=\"widget\" data-e-type=\"widget\" data-widget_type=\"heading.default\">\n\t\t\t\t<div class=\"elementor-widget-container\">\n\t\t\t\t\t<h2 class=\"elementor-heading-title elementor-size-default\">Jo flere insekter, jo flere fugle<\/h2>\t\t\t\t<\/div>\n\t\t\t\t<\/div>\n\t\t\t\t<div class=\"elementor-element elementor-element-1ea19e53 elementor-widget elementor-widget-text-editor\" data-id=\"1ea19e53\" data-element_type=\"widget\" data-e-type=\"widget\" data-widget_type=\"text-editor.default\">\n\t\t\t\t<div class=\"elementor-widget-container\">\n\t\t\t\t\t\t\t\t\t<h3><span style=\"font-size: 18pt;\">Og det kan vi m\u00e5ske tage lidt af \u00e6ren for. Det er i alt fald vores opfattelse, at mere end 20 \u00e5r uden brug af pesticider og kunstg\u00f8dning har haft en positiv effekt p\u00e5 vores omgivelser.<\/span><\/h3>\t\t\t\t\t\t\t\t<\/div>\n\t\t\t\t<\/div>\n\t\t\t\t<div class=\"elementor-element elementor-element-6e8f020f elementor-widget elementor-widget-text-editor\" data-id=\"6e8f020f\" data-element_type=\"widget\" data-e-type=\"widget\" data-widget_type=\"text-editor.default\">\n\t\t\t\t<div class=\"elementor-widget-container\">\n\t\t\t\t\t\t\t\t\t<div><h3><span lang=\"EN-US\" style=\"font-size: 16px;\"><span lang=\"EN-US\">I vinmarken ser vi et stort udvalg af fugle; storkene ser ud til at blive store dele af \u00e5ret. De sorte storke, som faktisk er hejrer, ses dagligt ved floden, der gr\u00e6nser op til vores jord. Flodbredden er ogs\u00e5 hjemsted for eksemplarer som oddere og forskellige slags \u00e6nder, og det er drikkestedet for hjorte og vildsvin m.fl. Om sommeren giver flodbredden l\u00e6 for de h\u00f8je temperaturer, og den har ogs\u00e5 en k\u00f8lende effekt i nogle omr\u00e5der af vinmarken. <\/span><\/span><\/h3><h3><span lang=\"EN-US\" style=\"font-size: 16px;\"><span lang=\"EN-US\">I l\u00f8bet af \u00e5ret ser vi ikke blot g\u00f8ge, nattergale, solsorte og duer m.fl, men ogs\u00e5 mange af de m\u00e5ske mest kartakteristiske fugle for omr\u00e5det s\u00e5som \u00f8rne og falke. I en lille landsby ikke langt herfra ligger der faktisk et reservat for gribbe. <\/span><\/span><\/h3><h3><span lang=\"EN-US\" style=\"font-size: 16px;\"><span lang=\"EN-US\">Om natten er det ret almindeligt at se flagermus. Det er faktisk en overdrivelse, idet at de er ret sv\u00e6re at skelne i m\u00f8rke, og da de er meget sm\u00e5, forveksler man dem ofte med store insekter. P\u00e5 trods af den stenede overflade indeholder jorden i dette omr\u00e5de en stor m\u00e6ngde regnorme, men skulle der v\u00e6re mangel p\u00e5 disse, s\u00e5 er der masser af frugttr\u00e6er og vilde b\u00e6r, som fuglene kan nyde godt af. Selv vinstokkene giver n\u00e6ring, idet alle de bittesm\u00e5 drueklaser, der ofte h\u00e6nger tilbage p\u00e5 de \u00f8verste grene efter h\u00f8sten, giver fugle og insekter n\u00e6ring i vinterperioden. P\u00e5 disse kanter s\u00e6tter vi en vis \u00e6re i at v\u00e6re levested for mange og ogs\u00e5 sj\u00e6ldne rovfugle, men sandheden er, at kongen af Cantaburros ikke er falken, men haren. <\/span><\/span><\/h3><div>\u00a0<\/div><\/div><div>\u00a0<\/div>\t\t\t\t\t\t\t\t<\/div>\n\t\t\t\t<\/div>\n\t\t\t\t\t<\/div>\n\t\t<\/div>\n\t\t\t\t<div class=\"elementor-column elementor-col-33 elementor-top-column elementor-element elementor-element-66a2b1a6\" data-id=\"66a2b1a6\" data-element_type=\"column\" data-e-type=\"column\" data-settings=\"{&quot;background_background&quot;:&quot;classic&quot;}\">\n\t\t\t<div class=\"elementor-widget-wrap\">\n\t\t\t\t\t\t\t<\/div>\n\t\t<\/div>\n\t\t\t\t\t<\/div>\n\t\t<\/section>\n\t\t\t\t<section class=\"elementor-section elementor-top-section elementor-element elementor-element-6448c02 elementor-section-full_width elementor-section-height-default elementor-section-height-default\" data-id=\"6448c02\" data-element_type=\"section\" data-e-type=\"section\" data-settings=\"{&quot;background_background&quot;:&quot;classic&quot;}\">\n\t\t\t\t\t\t<div class=\"elementor-container elementor-column-gap-no\">\n\t\t\t\t\t<div class=\"elementor-column elementor-col-100 elementor-top-column elementor-element elementor-element-d62bfe7\" data-id=\"d62bfe7\" data-element_type=\"column\" data-e-type=\"column\">\n\t\t\t<div class=\"elementor-widget-wrap\">\n\t\t\t\t\t\t\t<\/div>\n\t\t<\/div>\n\t\t\t\t\t<\/div>\n\t\t<\/section>\n\t\t\t\t<section class=\"elementor-section elementor-top-section elementor-element elementor-element-ffac386 elementor-section-full_width elementor-section-height-default elementor-section-height-default\" data-id=\"ffac386\" data-element_type=\"section\" data-e-type=\"section\" data-settings=\"{&quot;background_background&quot;:&quot;classic&quot;}\">\n\t\t\t\t\t\t<div class=\"elementor-container elementor-column-gap-no\">\n\t\t\t\t\t<div class=\"elementor-column elementor-col-100 elementor-top-column elementor-element elementor-element-bd941dd\" data-id=\"bd941dd\" data-element_type=\"column\" data-e-type=\"column\">\n\t\t\t<div class=\"elementor-widget-wrap elementor-element-populated\">\n\t\t\t\t\t\t<div class=\"elementor-element elementor-element-74b91b7 elementor--h-position-center elementor--v-position-middle elementor-arrows-position-inside elementor-pagination-position-inside elementor-widget elementor-widget-slides\" data-id=\"74b91b7\" data-element_type=\"widget\" data-e-type=\"widget\" data-settings=\"{&quot;navigation&quot;:&quot;both&quot;,&quot;autoplay&quot;:&quot;yes&quot;,&quot;pause_on_hover&quot;:&quot;yes&quot;,&quot;pause_on_interaction&quot;:&quot;yes&quot;,&quot;autoplay_speed&quot;:5000,&quot;infinite&quot;:&quot;yes&quot;,&quot;transition&quot;:&quot;slide&quot;,&quot;transition_speed&quot;:500}\" data-widget_type=\"slides.default\">\n\t\t\t\t<div class=\"elementor-widget-container\">\n\t\t\t\t\t\t\t\t\t<div class=\"elementor-swiper\">\n\t\t\t\t\t<div class=\"elementor-slides-wrapper elementor-main-swiper swiper\" role=\"region\" aria-roledescription=\"carousel\" aria-label=\"Dias (slides)\" dir=\"ltr\" data-animation=\"fadeInUp\">\n\t\t\t\t<div class=\"swiper-wrapper elementor-slides\">\n\t\t\t\t\t\t\t\t\t\t<div class=\"elementor-repeater-item-841eee3 swiper-slide\" role=\"group\" aria-roledescription=\"slide\"><div class=\"swiper-slide-bg\" role=\"img\"><\/div><div class=\"swiper-slide-inner\" ><div class=\"swiper-slide-contents\"><\/div><\/div><\/div><div class=\"elementor-repeater-item-45805e6 swiper-slide\" role=\"group\" aria-roledescription=\"slide\"><div class=\"swiper-slide-bg\" role=\"img\"><\/div><div class=\"swiper-slide-inner\" ><div class=\"swiper-slide-contents\"><\/div><\/div><\/div><div class=\"elementor-repeater-item-190ee6d swiper-slide\" role=\"group\" aria-roledescription=\"slide\"><div class=\"swiper-slide-bg\" role=\"img\"><\/div><div class=\"swiper-slide-inner\" ><div class=\"swiper-slide-contents\"><\/div><\/div><\/div><div class=\"elementor-repeater-item-b4d5c07 swiper-slide\" role=\"group\" aria-roledescription=\"slide\"><div class=\"swiper-slide-bg\" role=\"img\"><\/div><div class=\"swiper-slide-inner\" ><div class=\"swiper-slide-contents\"><\/div><\/div><\/div><div class=\"elementor-repeater-item-561c4eb swiper-slide\" role=\"group\" aria-roledescription=\"slide\"><div class=\"swiper-slide-bg\" role=\"img\"><\/div><div class=\"swiper-slide-inner\" ><div class=\"swiper-slide-contents\"><\/div><\/div><\/div><div class=\"elementor-repeater-item-4cd3e11 swiper-slide\" role=\"group\" aria-roledescription=\"slide\"><div class=\"swiper-slide-bg\" role=\"img\"><\/div><div class=\"swiper-slide-inner\" ><div class=\"swiper-slide-contents\"><\/div><\/div><\/div><div class=\"elementor-repeater-item-d0a0a2e swiper-slide\" role=\"group\" aria-roledescription=\"slide\"><div class=\"swiper-slide-bg\" role=\"img\"><\/div><div class=\"swiper-slide-inner\" ><div class=\"swiper-slide-contents\"><\/div><\/div><\/div>\t\t\t\t<\/div>\n\t\t\t\t\t\t\t\t\t\t\t\t\t\t\t<div class=\"elementor-swiper-button elementor-swiper-button-prev\" role=\"button\" tabindex=\"0\" aria-label=\"Previous slide\">\n\t\t\t\t\t\t\t<i aria-hidden=\"true\" class=\"eicon-chevron-left\"><\/i>\t\t\t\t\t\t<\/div>\n\t\t\t\t\t\t<div class=\"elementor-swiper-button elementor-swiper-button-next\" role=\"button\" tabindex=\"0\" aria-label=\"Next slide\">\n\t\t\t\t\t\t\t<i aria-hidden=\"true\" class=\"eicon-chevron-right\"><\/i>\t\t\t\t\t\t<\/div>\n\t\t\t\t\t\t\t\t\t\t\t\t\t\t\t\t<div class=\"swiper-pagination\"><\/div>\n\t\t\t\t\t\t\t\t\t\t\t\t<\/div>\n\t\t\t\t<\/div>\n\t\t\t\t\t\t\t\t<\/div>\n\t\t\t\t<\/div>\n\t\t\t\t\t<\/div>\n\t\t<\/div>\n\t\t\t\t\t<\/div>\n\t\t<\/section>\n\t\t\t\t<\/div>\n\t\t","protected":false},"excerpt":{"rendered":"<p>Wild&#8217;life i Cantaburros Jo flere insekter, jo flere fugle Og det kan vi m\u00e5ske tage lidt af \u00e6ren for. Det er i alt fald vores opfattelse, at mere end 20 \u00e5r uden brug af pesticider og kunstg\u00f8dning har haft en positiv effekt p\u00e5 vores omgivelser. I vinmarken ser vi et stort udvalg af fugle; storkene [&hellip;]<\/p>\n","protected":false},"author":1,"featured_media":0,"parent":0,"menu_order":0,"comment_status":"closed","ping_status":"closed","template":"","meta":{"footnotes":""},"class_list":["post-8112","page","type-page","status-publish","hentry"],"yoast_head":"<!-- This site is optimized with the Yoast SEO plugin v24.2 - https:\/\/yoast.com\/wordpress\/plugins\/seo\/ -->\n<title>Cantaburros Wild&#039;life - Cantaburros<\/title>\n<meta name=\"description\" content=\"Fauna in Cantaburros. A short description of the animal in the Cantaburros vineyard.\" \/>\n<meta name=\"robots\" content=\"index, follow, max-snippet:-1, max-image-preview:large, max-video-preview:-1\" \/>\n<link rel=\"canonical\" href=\"https:\/\/cantaburros.es\/da\/post-cantaburros-wildlife\/\" \/>\n<meta property=\"og:locale\" content=\"da_DK\" \/>\n<meta property=\"og:type\" content=\"article\" \/>\n<meta property=\"og:title\" content=\"Cantaburros Wild&#039;life - Cantaburros\" \/>\n<meta property=\"og:description\" content=\"Fauna in Cantaburros. A short description of the animal in the Cantaburros vineyard.\" \/>\n<meta property=\"og:url\" content=\"https:\/\/cantaburros.es\/da\/post-cantaburros-wildlife\/\" \/>\n<meta property=\"og:site_name\" content=\"Cantaburros\" \/>\n<meta property=\"article:modified_time\" content=\"2022-09-01T16:02:44+00:00\" \/>\n<meta property=\"og:image\" content=\"https:\/\/cantaburros.es\/wp-content\/uploads\/2021\/11\/Fauna-def-scaled.jpg\" \/>\n<meta name=\"twitter:card\" content=\"summary_large_image\" \/>\n<meta name=\"twitter:label1\" content=\"Estimeret l\u00e6setid\" \/>\n\t<meta name=\"twitter:data1\" content=\"2 minutter\" \/>\n<script type=\"application\/ld+json\" class=\"yoast-schema-graph\">{\"@context\":\"https:\/\/schema.org\",\"@graph\":[{\"@type\":\"WebPage\",\"@id\":\"https:\/\/cantaburros.es\/da\/post-cantaburros-wildlife\/\",\"url\":\"https:\/\/cantaburros.es\/da\/post-cantaburros-wildlife\/\",\"name\":\"Cantaburros Wild'life - Cantaburros\",\"isPartOf\":{\"@id\":\"https:\/\/cantaburros.es\/da\/#website\"},\"primaryImageOfPage\":{\"@id\":\"https:\/\/cantaburros.es\/da\/post-cantaburros-wildlife\/#primaryimage\"},\"image\":{\"@id\":\"https:\/\/cantaburros.es\/da\/post-cantaburros-wildlife\/#primaryimage\"},\"thumbnailUrl\":\"https:\/\/cantaburros.es\/wp-content\/uploads\/2021\/11\/Fauna-def-scaled.jpg\",\"datePublished\":\"2022-05-09T17:53:39+00:00\",\"dateModified\":\"2022-09-01T16:02:44+00:00\",\"description\":\"Fauna in Cantaburros. A short description of the animal in the Cantaburros vineyard.\",\"breadcrumb\":{\"@id\":\"https:\/\/cantaburros.es\/da\/post-cantaburros-wildlife\/#breadcrumb\"},\"inLanguage\":\"da-DK\",\"potentialAction\":[{\"@type\":\"ReadAction\",\"target\":[\"https:\/\/cantaburros.es\/da\/post-cantaburros-wildlife\/\"]}]},{\"@type\":\"ImageObject\",\"inLanguage\":\"da-DK\",\"@id\":\"https:\/\/cantaburros.es\/da\/post-cantaburros-wildlife\/#primaryimage\",\"url\":\"https:\/\/cantaburros.es\/wp-content\/uploads\/2021\/11\/Fauna-def-scaled.jpg\",\"contentUrl\":\"https:\/\/cantaburros.es\/wp-content\/uploads\/2021\/11\/Fauna-def-scaled.jpg\"},{\"@type\":\"BreadcrumbList\",\"@id\":\"https:\/\/cantaburros.es\/da\/post-cantaburros-wildlife\/#breadcrumb\",\"itemListElement\":[{\"@type\":\"ListItem\",\"position\":1,\"name\":\"Portada\",\"item\":\"https:\/\/cantaburros.es\/da\/\"},{\"@type\":\"ListItem\",\"position\":2,\"name\":\"Cantaburros Wild&#8217;life\"}]},{\"@type\":\"WebSite\",\"@id\":\"https:\/\/cantaburros.es\/da\/#website\",\"url\":\"https:\/\/cantaburros.es\/da\/\",\"name\":\"Cantaburros\",\"description\":\"Organic wine\",\"publisher\":{\"@id\":\"https:\/\/cantaburros.es\/da\/#organization\"},\"potentialAction\":[{\"@type\":\"SearchAction\",\"target\":{\"@type\":\"EntryPoint\",\"urlTemplate\":\"https:\/\/cantaburros.es\/da\/?s={search_term_string}\"},\"query-input\":{\"@type\":\"PropertyValueSpecification\",\"valueRequired\":true,\"valueName\":\"search_term_string\"}}],\"inLanguage\":\"da-DK\"},{\"@type\":\"Organization\",\"@id\":\"https:\/\/cantaburros.es\/da\/#organization\",\"name\":\"Cantaburros\",\"url\":\"https:\/\/cantaburros.es\/da\/\",\"logo\":{\"@type\":\"ImageObject\",\"inLanguage\":\"da-DK\",\"@id\":\"https:\/\/cantaburros.es\/da\/#\/schema\/logo\/image\/\",\"url\":\"https:\/\/cantaburros.es\/wp-content\/uploads\/2021\/10\/cropped-cropped-Cantaburros-con-BURRO-2021-xx-small-1.png\",\"contentUrl\":\"https:\/\/cantaburros.es\/wp-content\/uploads\/2021\/10\/cropped-cropped-Cantaburros-con-BURRO-2021-xx-small-1.png\",\"width\":500,\"height\":160,\"caption\":\"Cantaburros\"},\"image\":{\"@id\":\"https:\/\/cantaburros.es\/da\/#\/schema\/logo\/image\/\"}}]}<\/script>\n<!-- \/ Yoast SEO plugin. -->","yoast_head_json":{"title":"Cantaburros Wild'life - Cantaburros","description":"Fauna in Cantaburros. A short description of the animal in the Cantaburros vineyard.","robots":{"index":"index","follow":"follow","max-snippet":"max-snippet:-1","max-image-preview":"max-image-preview:large","max-video-preview":"max-video-preview:-1"},"canonical":"https:\/\/cantaburros.es\/da\/post-cantaburros-wildlife\/","og_locale":"da_DK","og_type":"article","og_title":"Cantaburros Wild'life - Cantaburros","og_description":"Fauna in Cantaburros. A short description of the animal in the Cantaburros vineyard.","og_url":"https:\/\/cantaburros.es\/da\/post-cantaburros-wildlife\/","og_site_name":"Cantaburros","article_modified_time":"2022-09-01T16:02:44+00:00","og_image":[{"url":"https:\/\/cantaburros.es\/wp-content\/uploads\/2021\/11\/Fauna-def-scaled.jpg","type":"","width":"","height":""}],"twitter_card":"summary_large_image","twitter_misc":{"Estimeret l\u00e6setid":"2 minutter"},"schema":{"@context":"https:\/\/schema.org","@graph":[{"@type":"WebPage","@id":"https:\/\/cantaburros.es\/da\/post-cantaburros-wildlife\/","url":"https:\/\/cantaburros.es\/da\/post-cantaburros-wildlife\/","name":"Cantaburros Wild'life - Cantaburros","isPartOf":{"@id":"https:\/\/cantaburros.es\/da\/#website"},"primaryImageOfPage":{"@id":"https:\/\/cantaburros.es\/da\/post-cantaburros-wildlife\/#primaryimage"},"image":{"@id":"https:\/\/cantaburros.es\/da\/post-cantaburros-wildlife\/#primaryimage"},"thumbnailUrl":"https:\/\/cantaburros.es\/wp-content\/uploads\/2021\/11\/Fauna-def-scaled.jpg","datePublished":"2022-05-09T17:53:39+00:00","dateModified":"2022-09-01T16:02:44+00:00","description":"Fauna in Cantaburros. A short description of the animal in the Cantaburros vineyard.","breadcrumb":{"@id":"https:\/\/cantaburros.es\/da\/post-cantaburros-wildlife\/#breadcrumb"},"inLanguage":"da-DK","potentialAction":[{"@type":"ReadAction","target":["https:\/\/cantaburros.es\/da\/post-cantaburros-wildlife\/"]}]},{"@type":"ImageObject","inLanguage":"da-DK","@id":"https:\/\/cantaburros.es\/da\/post-cantaburros-wildlife\/#primaryimage","url":"https:\/\/cantaburros.es\/wp-content\/uploads\/2021\/11\/Fauna-def-scaled.jpg","contentUrl":"https:\/\/cantaburros.es\/wp-content\/uploads\/2021\/11\/Fauna-def-scaled.jpg"},{"@type":"BreadcrumbList","@id":"https:\/\/cantaburros.es\/da\/post-cantaburros-wildlife\/#breadcrumb","itemListElement":[{"@type":"ListItem","position":1,"name":"Portada","item":"https:\/\/cantaburros.es\/da\/"},{"@type":"ListItem","position":2,"name":"Cantaburros Wild&#8217;life"}]},{"@type":"WebSite","@id":"https:\/\/cantaburros.es\/da\/#website","url":"https:\/\/cantaburros.es\/da\/","name":"Cantaburros","description":"Organic wine","publisher":{"@id":"https:\/\/cantaburros.es\/da\/#organization"},"potentialAction":[{"@type":"SearchAction","target":{"@type":"EntryPoint","urlTemplate":"https:\/\/cantaburros.es\/da\/?s={search_term_string}"},"query-input":{"@type":"PropertyValueSpecification","valueRequired":true,"valueName":"search_term_string"}}],"inLanguage":"da-DK"},{"@type":"Organization","@id":"https:\/\/cantaburros.es\/da\/#organization","name":"Cantaburros","url":"https:\/\/cantaburros.es\/da\/","logo":{"@type":"ImageObject","inLanguage":"da-DK","@id":"https:\/\/cantaburros.es\/da\/#\/schema\/logo\/image\/","url":"https:\/\/cantaburros.es\/wp-content\/uploads\/2021\/10\/cropped-cropped-Cantaburros-con-BURRO-2021-xx-small-1.png","contentUrl":"https:\/\/cantaburros.es\/wp-content\/uploads\/2021\/10\/cropped-cropped-Cantaburros-con-BURRO-2021-xx-small-1.png","width":500,"height":160,"caption":"Cantaburros"},"image":{"@id":"https:\/\/cantaburros.es\/da\/#\/schema\/logo\/image\/"}}]}},"_links":{"self":[{"href":"https:\/\/cantaburros.es\/da\/wp-json\/wp\/v2\/pages\/8112","targetHints":{"allow":["GET"]}}],"collection":[{"href":"https:\/\/cantaburros.es\/da\/wp-json\/wp\/v2\/pages"}],"about":[{"href":"https:\/\/cantaburros.es\/da\/wp-json\/wp\/v2\/types\/page"}],"author":[{"embeddable":true,"href":"https:\/\/cantaburros.es\/da\/wp-json\/wp\/v2\/users\/1"}],"replies":[{"embeddable":true,"href":"https:\/\/cantaburros.es\/da\/wp-json\/wp\/v2\/comments?post=8112"}],"version-history":[{"count":75,"href":"https:\/\/cantaburros.es\/da\/wp-json\/wp\/v2\/pages\/8112\/revisions"}],"predecessor-version":[{"id":15451,"href":"https:\/\/cantaburros.es\/da\/wp-json\/wp\/v2\/pages\/8112\/revisions\/15451"}],"wp:attachment":[{"href":"https:\/\/cantaburros.es\/da\/wp-json\/wp\/v2\/media?parent=8112"}],"curies":[{"name":"wp","href":"https:\/\/api.w.org\/{rel}","templated":true}]}}