{"id":10815,"date":"2022-06-30T07:23:10","date_gmt":"2022-06-30T05:23:10","guid":{"rendered":"https:\/\/cantaburros.net\/med-venners-hjaelp\/"},"modified":"2022-09-01T17:43:24","modified_gmt":"2022-09-01T15:43:24","slug":"med-venners-hjaelp","status":"publish","type":"page","link":"https:\/\/cantaburros.es\/da\/med-venners-hjaelp\/","title":{"rendered":"Med venners hj\u00e6lp.."},"content":{"rendered":"\t\t<div data-elementor-type=\"wp-page\" data-elementor-id=\"10815\" class=\"elementor elementor-10815\" data-elementor-post-type=\"page\">\n\t\t\t\t\t\t<section class=\"elementor-section elementor-top-section elementor-element elementor-element-d49dba0 elementor-section-full_width elementor-section-height-default elementor-section-height-default\" data-id=\"d49dba0\" data-element_type=\"section\" data-e-type=\"section\">\n\t\t\t\t\t\t<div class=\"elementor-container elementor-column-gap-no\">\n\t\t\t\t\t<div class=\"elementor-column elementor-col-100 elementor-top-column elementor-element elementor-element-39c697f\" data-id=\"39c697f\" data-element_type=\"column\" data-e-type=\"column\">\n\t\t\t<div class=\"elementor-widget-wrap elementor-element-populated\">\n\t\t\t\t\t\t<div class=\"elementor-element elementor-element-6580a81 elementor-widget__width-inherit elementor-widget elementor-widget-image\" data-id=\"6580a81\" data-element_type=\"widget\" data-e-type=\"widget\" data-widget_type=\"image.default\">\n\t\t\t\t<div class=\"elementor-widget-container\">\n\t\t\t\t\t\t\t\t\t\t\t\t\t\t\t<img fetchpriority=\"high\" decoding=\"async\" width=\"800\" height=\"360\" src=\"https:\/\/cantaburros.es\/wp-content\/uploads\/2022\/07\/enologos-2--e1657147252636-1024x461.jpg\" class=\"attachment-large size-large wp-image-10841\" alt=\"\" srcset=\"https:\/\/cantaburros.es\/wp-content\/uploads\/2022\/07\/enologos-2--e1657147252636-1024x461.jpg 1024w, https:\/\/cantaburros.es\/wp-content\/uploads\/2022\/07\/enologos-2--e1657147252636-300x135.jpg 300w, https:\/\/cantaburros.es\/wp-content\/uploads\/2022\/07\/enologos-2--e1657147252636-768x346.jpg 768w, https:\/\/cantaburros.es\/wp-content\/uploads\/2022\/07\/enologos-2--e1657147252636-1536x691.jpg 1536w, https:\/\/cantaburros.es\/wp-content\/uploads\/2022\/07\/enologos-2--e1657147252636-1200x540.jpg 1200w, https:\/\/cantaburros.es\/wp-content\/uploads\/2022\/07\/enologos-2--e1657147252636.jpg 1600w\" sizes=\"(max-width: 800px) 100vw, 800px\" \/>\t\t\t\t\t\t\t\t\t\t\t\t\t\t\t<\/div>\n\t\t\t\t<\/div>\n\t\t\t\t\t<\/div>\n\t\t<\/div>\n\t\t\t\t\t<\/div>\n\t\t<\/section>\n\t\t\t\t<section class=\"elementor-section elementor-top-section elementor-element elementor-element-f108991 elementor-section-boxed elementor-section-height-default elementor-section-height-default\" data-id=\"f108991\" data-element_type=\"section\" data-e-type=\"section\" data-settings=\"{&quot;background_background&quot;:&quot;classic&quot;}\">\n\t\t\t\t\t\t<div class=\"elementor-container elementor-column-gap-default\">\n\t\t\t\t\t<div class=\"elementor-column elementor-col-100 elementor-top-column elementor-element elementor-element-79714b7\" data-id=\"79714b7\" data-element_type=\"column\" data-e-type=\"column\">\n\t\t\t<div class=\"elementor-widget-wrap elementor-element-populated\">\n\t\t\t\t\t\t<div class=\"elementor-element elementor-element-a8236a0 elementor-widget elementor-widget-heading\" data-id=\"a8236a0\" data-element_type=\"widget\" data-e-type=\"widget\" data-widget_type=\"heading.default\">\n\t\t\t\t<div class=\"elementor-widget-container\">\n\t\t\t\t\t<h2 class=\"elementor-heading-title elementor-size-default\">Med venners hj\u00e6lp..<\/h2>\t\t\t\t<\/div>\n\t\t\t\t<\/div>\n\t\t\t\t<div class=\"elementor-element elementor-element-f2090ed elementor-widget elementor-widget-heading\" data-id=\"f2090ed\" data-element_type=\"widget\" data-e-type=\"widget\" data-widget_type=\"heading.default\">\n\t\t\t\t<div class=\"elementor-widget-container\">\n\t\t\t\t\t<h2 class=\"elementor-heading-title elementor-size-default\">Videnskaben bag vinen og manden bag videnskaben.<\/h2>\t\t\t\t<\/div>\n\t\t\t\t<\/div>\n\t\t\t\t<div class=\"elementor-element elementor-element-4206eeb elementor-widget elementor-widget-heading\" data-id=\"4206eeb\" data-element_type=\"widget\" data-e-type=\"widget\" data-widget_type=\"heading.default\">\n\t\t\t\t<div class=\"elementor-widget-container\">\n\t\t\t\t\t<h2 class=\"elementor-heading-title elementor-size-default\">Lorenzo Ayuso<\/h2>\t\t\t\t<\/div>\n\t\t\t\t<\/div>\n\t\t\t\t<div class=\"elementor-element elementor-element-fd01d4a elementor-widget elementor-widget-text-editor\" data-id=\"fd01d4a\" data-element_type=\"widget\" data-e-type=\"widget\" data-widget_type=\"text-editor.default\">\n\t\t\t\t<div class=\"elementor-widget-container\">\n\t\t\t\t\t\t\t\t\t<p>For os var denne person Lorenzo Ayuso. Han var en passioneret \u00f8nolog p\u00e5 en egn, hvor kooperativerne lidt efter lidt havde erstattet vinfremstilling p\u00e5 husholdningsbasis, men hvor den typiske &#8220;Clarete&#8221; (vino claro) stadig var slutproduktet. Nogle gange, n\u00e5r budgettet er stramt, hvilket ofte var tilf\u00e6ldet med kooperativerne, er alternativ t\u00e6nkning et &#8216;must&#8217;, og p\u00e5 dette omr\u00e5de var Lorenzo ekspert. M\u00e5let for enhver \u00f8nolog er at opn\u00e5 den kraftigste farve og den bedste smag med de tilg\u00e6ngelige midler, ikke kun teknisk, men ogs\u00e5 hvad ang\u00e5r r\u00e5varen. Det er en kombination af \u00f8nologi og kemi, og Lorenzo en entusiast p\u00e5 begge omr\u00e5der. Hvis han ikke m\u00e5lte PH eller svingende surhedsgrader, havde han travlt i sin frugt- og k\u00f8kkenhave, og hvad han l\u00e6rte af naturen, fors\u00f8gte \u00a0han \u00a0at anvende professionelt.<\/p>\t\t\t\t\t\t\t\t<\/div>\n\t\t\t\t<\/div>\n\t\t\t\t<div class=\"elementor-element elementor-element-ef11a9e elementor-widget elementor-widget-heading\" data-id=\"ef11a9e\" data-element_type=\"widget\" data-e-type=\"widget\" data-widget_type=\"heading.default\">\n\t\t\t\t<div class=\"elementor-widget-container\">\n\t\t\t\t\t<h2 class=\"elementor-heading-title elementor-size-default\">D.O. Ribera del duero<\/h2>\t\t\t\t<\/div>\n\t\t\t\t<\/div>\n\t\t\t\t<div class=\"elementor-element elementor-element-cb9f08e elementor-widget elementor-widget-text-editor\" data-id=\"cb9f08e\" data-element_type=\"widget\" data-e-type=\"widget\" data-widget_type=\"text-editor.default\">\n\t\t\t\t<div class=\"elementor-widget-container\">\n\t\t\t\t\t\t\t\t\t<p>Det var tydeligt for Lorenzo, at Ribera del Duero havde et stort potentiale, ikke kun for kvaliteten af dens druer og vine men ogs\u00e5 kulturelt. Udsp\u00f8rges den \u00e6ldre generation er det sv\u00e6rt at finde nogen der ikke har f\u00e5et br\u00f8d dyppet i vin. Velkendt er ogs\u00e5 den \u00e5rlige h\u00f8stfest og alle lokale ved at &#8220;el dia de Pilar&#8221; (12. okt.) er datoen for h\u00f8sten. Ved samarbejde og sammenhold mellem de lokale vinproducenter for derigennem at promovere omr\u00e5dets vine, blev D.O. Ribera del Duero grundlagt, og Lorenzo var en af initiativtagerne.<\/p><p>\u00a0<\/p>\t\t\t\t\t\t\t\t<\/div>\n\t\t\t\t<\/div>\n\t\t\t\t<div class=\"elementor-element elementor-element-25fd24e elementor-widget elementor-widget-heading\" data-id=\"25fd24e\" data-element_type=\"widget\" data-e-type=\"widget\" data-widget_type=\"heading.default\">\n\t\t\t\t<div class=\"elementor-widget-container\">\n\t\t\t\t\t<h2 class=\"elementor-heading-title elementor-size-default\">Juan Ayuso<\/h2>\t\t\t\t<\/div>\n\t\t\t\t<\/div>\n\t\t\t\t<div class=\"elementor-element elementor-element-9d2e68f elementor-widget elementor-widget-text-editor\" data-id=\"9d2e68f\" data-element_type=\"widget\" data-e-type=\"widget\" data-widget_type=\"text-editor.default\">\n\t\t\t\t<div class=\"elementor-widget-container\">\n\t\t\t\t\t\t\t\t\t<p>Juan Ayuso, s\u00f8n af Lorenzo, er g\u00e5et i sin fars fodspor. Efter at v\u00e6re blevet opfostret med vin, i symbolsk forstand, er hans forst\u00e5else for vin stor og hans entusiasme indenfor faget ikke mindre. I \u00e5renes l\u00f8b, og m\u00e5ske p\u00e5 grund af D.O. Ribera del Duero&#8217;s indsats, har vinene fra omr\u00e5det opn\u00e5et st\u00f8rre anerkendelse, nogle cooperativer er forsvundet og en masse private vink\u00e6ldre har set dagens lys. If\u00f8lge Juan har udviklingen ogs\u00e5 \u00e6ndret \u00f8nologien, hvor hans far skulle v\u00e6re opfindsom, handler det if\u00f8lge Juan, nu mere om at forebygge, specielt n\u00e5r man arbejder med \u00f8kologiske vine som Cantaburros. At v\u00e6re \u00f8nolog nu til dags kr\u00e6ver diplomatiske f\u00e6rdigheder. Som Juan udtrykker det: &#8220;Jeg er bare ham, der vejleder vinmageren&#8221;. Hver vinmark og hver vin har sin egen identitet, og hver ving\u00e5rd har forskellige midler og ogs\u00e5 forskellige m\u00e5l, og inden for disse parametre fors\u00f8ger Juan at opn\u00e5 det bedst mulige produkt.<\/p><p>For Cantaburros er Juans hj\u00e6lp uvurderlig, og selv om det undertiden indeb\u00e6rer ophedede diskussioner og en enorm m\u00e6ngde pr\u00f8vesmagninger at n\u00e5 til enighed, taler resultaterne, vores vine, for sig selv.<\/p>\t\t\t\t\t\t\t\t<\/div>\n\t\t\t\t<\/div>\n\t\t\t\t<div class=\"elementor-element elementor-element-ef4e388 elementor-view-default elementor-widget elementor-widget-icon\" data-id=\"ef4e388\" data-element_type=\"widget\" data-e-type=\"widget\" data-widget_type=\"icon.default\">\n\t\t\t\t<div class=\"elementor-widget-container\">\n\t\t\t\t\t\t\t<div class=\"elementor-icon-wrapper\">\n\t\t\t<a class=\"elementor-icon elementor-animation-grow\" href=\"https:\/\/cantaburros.es\/wine\/\">\n\t\t\t<i aria-hidden=\"true\" class=\"fas fa-chevron-right\"><\/i>\t\t\t<\/a>\n\t\t<\/div>\n\t\t\t\t\t\t<\/div>\n\t\t\t\t<\/div>\n\t\t\t\t\t<\/div>\n\t\t<\/div>\n\t\t\t\t\t<\/div>\n\t\t<\/section>\n\t\t\t\t<\/div>\n\t\t","protected":false},"excerpt":{"rendered":"<p>Med venners hj\u00e6lp.. Videnskaben bag vinen og manden bag videnskaben. Lorenzo Ayuso For os var denne person Lorenzo Ayuso. Han var en passioneret \u00f8nolog p\u00e5 en egn, hvor kooperativerne lidt efter lidt havde erstattet vinfremstilling p\u00e5 husholdningsbasis, men hvor den typiske &#8220;Clarete&#8221; (vino claro) stadig var slutproduktet. Nogle gange, n\u00e5r budgettet er stramt, hvilket ofte [&hellip;]<\/p>\n","protected":false},"author":2,"featured_media":10842,"parent":0,"menu_order":0,"comment_status":"closed","ping_status":"closed","template":"","meta":{"footnotes":""},"class_list":["post-10815","page","type-page","status-publish","has-post-thumbnail","hentry"],"yoast_head":"<!-- This site is optimized with the Yoast SEO plugin v24.2 - https:\/\/yoast.com\/wordpress\/plugins\/seo\/ -->\n<title>Med venners hj\u00e6lp.. - Cantaburros<\/title>\n<meta name=\"description\" content=\"About ecologists Lorenzo y Juan Aysuso\" \/>\n<meta name=\"robots\" content=\"index, follow, max-snippet:-1, max-image-preview:large, max-video-preview:-1\" \/>\n<link rel=\"canonical\" href=\"https:\/\/cantaburros.es\/da\/med-venners-hjaelp\/\" \/>\n<meta property=\"og:locale\" content=\"da_DK\" \/>\n<meta property=\"og:type\" content=\"article\" \/>\n<meta property=\"og:title\" content=\"Med venners hj\u00e6lp.. - Cantaburros\" \/>\n<meta property=\"og:description\" content=\"About ecologists Lorenzo y Juan Aysuso\" \/>\n<meta property=\"og:url\" content=\"https:\/\/cantaburros.es\/da\/med-venners-hjaelp\/\" \/>\n<meta property=\"og:site_name\" content=\"Cantaburros\" \/>\n<meta property=\"article:modified_time\" content=\"2022-09-01T15:43:24+00:00\" \/>\n<meta property=\"og:image\" content=\"https:\/\/cantaburros.es\/wp-content\/uploads\/2022\/07\/enologos-2--e1657147252636.jpg\" \/>\n\t<meta property=\"og:image:width\" content=\"1600\" \/>\n\t<meta property=\"og:image:height\" content=\"800\" \/>\n\t<meta property=\"og:image:type\" content=\"image\/jpeg\" \/>\n<meta name=\"twitter:card\" content=\"summary_large_image\" \/>\n<meta name=\"twitter:label1\" content=\"Estimeret l\u00e6setid\" \/>\n\t<meta name=\"twitter:data1\" content=\"3 minutter\" \/>\n<script type=\"application\/ld+json\" class=\"yoast-schema-graph\">{\"@context\":\"https:\/\/schema.org\",\"@graph\":[{\"@type\":\"WebPage\",\"@id\":\"https:\/\/cantaburros.es\/da\/med-venners-hjaelp\/\",\"url\":\"https:\/\/cantaburros.es\/da\/med-venners-hjaelp\/\",\"name\":\"Med venners hj\u00e6lp.. - Cantaburros\",\"isPartOf\":{\"@id\":\"https:\/\/cantaburros.es\/da\/#website\"},\"primaryImageOfPage\":{\"@id\":\"https:\/\/cantaburros.es\/da\/med-venners-hjaelp\/#primaryimage\"},\"image\":{\"@id\":\"https:\/\/cantaburros.es\/da\/med-venners-hjaelp\/#primaryimage\"},\"thumbnailUrl\":\"https:\/\/cantaburros.es\/wp-content\/uploads\/2022\/07\/enologos-2--e1657147252636.jpg\",\"datePublished\":\"2022-06-30T05:23:10+00:00\",\"dateModified\":\"2022-09-01T15:43:24+00:00\",\"description\":\"About ecologists Lorenzo y Juan Aysuso\",\"breadcrumb\":{\"@id\":\"https:\/\/cantaburros.es\/da\/med-venners-hjaelp\/#breadcrumb\"},\"inLanguage\":\"da-DK\",\"potentialAction\":[{\"@type\":\"ReadAction\",\"target\":[\"https:\/\/cantaburros.es\/da\/med-venners-hjaelp\/\"]}]},{\"@type\":\"ImageObject\",\"inLanguage\":\"da-DK\",\"@id\":\"https:\/\/cantaburros.es\/da\/med-venners-hjaelp\/#primaryimage\",\"url\":\"https:\/\/cantaburros.es\/wp-content\/uploads\/2022\/07\/enologos-2--e1657147252636.jpg\",\"contentUrl\":\"https:\/\/cantaburros.es\/wp-content\/uploads\/2022\/07\/enologos-2--e1657147252636.jpg\",\"width\":1600,\"height\":800},{\"@type\":\"BreadcrumbList\",\"@id\":\"https:\/\/cantaburros.es\/da\/med-venners-hjaelp\/#breadcrumb\",\"itemListElement\":[{\"@type\":\"ListItem\",\"position\":1,\"name\":\"Portada\",\"item\":\"https:\/\/cantaburros.es\/da\/\"},{\"@type\":\"ListItem\",\"position\":2,\"name\":\"Med venners hj\u00e6lp..\"}]},{\"@type\":\"WebSite\",\"@id\":\"https:\/\/cantaburros.es\/da\/#website\",\"url\":\"https:\/\/cantaburros.es\/da\/\",\"name\":\"Cantaburros\",\"description\":\"Organic wine\",\"publisher\":{\"@id\":\"https:\/\/cantaburros.es\/da\/#organization\"},\"potentialAction\":[{\"@type\":\"SearchAction\",\"target\":{\"@type\":\"EntryPoint\",\"urlTemplate\":\"https:\/\/cantaburros.es\/da\/?s={search_term_string}\"},\"query-input\":{\"@type\":\"PropertyValueSpecification\",\"valueRequired\":true,\"valueName\":\"search_term_string\"}}],\"inLanguage\":\"da-DK\"},{\"@type\":\"Organization\",\"@id\":\"https:\/\/cantaburros.es\/da\/#organization\",\"name\":\"Cantaburros\",\"url\":\"https:\/\/cantaburros.es\/da\/\",\"logo\":{\"@type\":\"ImageObject\",\"inLanguage\":\"da-DK\",\"@id\":\"https:\/\/cantaburros.es\/da\/#\/schema\/logo\/image\/\",\"url\":\"https:\/\/cantaburros.es\/wp-content\/uploads\/2021\/10\/cropped-cropped-Cantaburros-con-BURRO-2021-xx-small-1.png\",\"contentUrl\":\"https:\/\/cantaburros.es\/wp-content\/uploads\/2021\/10\/cropped-cropped-Cantaburros-con-BURRO-2021-xx-small-1.png\",\"width\":500,\"height\":160,\"caption\":\"Cantaburros\"},\"image\":{\"@id\":\"https:\/\/cantaburros.es\/da\/#\/schema\/logo\/image\/\"}}]}<\/script>\n<!-- \/ Yoast SEO plugin. -->","yoast_head_json":{"title":"Med venners hj\u00e6lp.. - Cantaburros","description":"About ecologists Lorenzo y Juan Aysuso","robots":{"index":"index","follow":"follow","max-snippet":"max-snippet:-1","max-image-preview":"max-image-preview:large","max-video-preview":"max-video-preview:-1"},"canonical":"https:\/\/cantaburros.es\/da\/med-venners-hjaelp\/","og_locale":"da_DK","og_type":"article","og_title":"Med venners hj\u00e6lp.. - Cantaburros","og_description":"About ecologists Lorenzo y Juan Aysuso","og_url":"https:\/\/cantaburros.es\/da\/med-venners-hjaelp\/","og_site_name":"Cantaburros","article_modified_time":"2022-09-01T15:43:24+00:00","og_image":[{"width":1600,"height":800,"url":"https:\/\/cantaburros.es\/wp-content\/uploads\/2022\/07\/enologos-2--e1657147252636.jpg","type":"image\/jpeg"}],"twitter_card":"summary_large_image","twitter_misc":{"Estimeret l\u00e6setid":"3 minutter"},"schema":{"@context":"https:\/\/schema.org","@graph":[{"@type":"WebPage","@id":"https:\/\/cantaburros.es\/da\/med-venners-hjaelp\/","url":"https:\/\/cantaburros.es\/da\/med-venners-hjaelp\/","name":"Med venners hj\u00e6lp.. - Cantaburros","isPartOf":{"@id":"https:\/\/cantaburros.es\/da\/#website"},"primaryImageOfPage":{"@id":"https:\/\/cantaburros.es\/da\/med-venners-hjaelp\/#primaryimage"},"image":{"@id":"https:\/\/cantaburros.es\/da\/med-venners-hjaelp\/#primaryimage"},"thumbnailUrl":"https:\/\/cantaburros.es\/wp-content\/uploads\/2022\/07\/enologos-2--e1657147252636.jpg","datePublished":"2022-06-30T05:23:10+00:00","dateModified":"2022-09-01T15:43:24+00:00","description":"About ecologists Lorenzo y Juan Aysuso","breadcrumb":{"@id":"https:\/\/cantaburros.es\/da\/med-venners-hjaelp\/#breadcrumb"},"inLanguage":"da-DK","potentialAction":[{"@type":"ReadAction","target":["https:\/\/cantaburros.es\/da\/med-venners-hjaelp\/"]}]},{"@type":"ImageObject","inLanguage":"da-DK","@id":"https:\/\/cantaburros.es\/da\/med-venners-hjaelp\/#primaryimage","url":"https:\/\/cantaburros.es\/wp-content\/uploads\/2022\/07\/enologos-2--e1657147252636.jpg","contentUrl":"https:\/\/cantaburros.es\/wp-content\/uploads\/2022\/07\/enologos-2--e1657147252636.jpg","width":1600,"height":800},{"@type":"BreadcrumbList","@id":"https:\/\/cantaburros.es\/da\/med-venners-hjaelp\/#breadcrumb","itemListElement":[{"@type":"ListItem","position":1,"name":"Portada","item":"https:\/\/cantaburros.es\/da\/"},{"@type":"ListItem","position":2,"name":"Med venners hj\u00e6lp.."}]},{"@type":"WebSite","@id":"https:\/\/cantaburros.es\/da\/#website","url":"https:\/\/cantaburros.es\/da\/","name":"Cantaburros","description":"Organic wine","publisher":{"@id":"https:\/\/cantaburros.es\/da\/#organization"},"potentialAction":[{"@type":"SearchAction","target":{"@type":"EntryPoint","urlTemplate":"https:\/\/cantaburros.es\/da\/?s={search_term_string}"},"query-input":{"@type":"PropertyValueSpecification","valueRequired":true,"valueName":"search_term_string"}}],"inLanguage":"da-DK"},{"@type":"Organization","@id":"https:\/\/cantaburros.es\/da\/#organization","name":"Cantaburros","url":"https:\/\/cantaburros.es\/da\/","logo":{"@type":"ImageObject","inLanguage":"da-DK","@id":"https:\/\/cantaburros.es\/da\/#\/schema\/logo\/image\/","url":"https:\/\/cantaburros.es\/wp-content\/uploads\/2021\/10\/cropped-cropped-Cantaburros-con-BURRO-2021-xx-small-1.png","contentUrl":"https:\/\/cantaburros.es\/wp-content\/uploads\/2021\/10\/cropped-cropped-Cantaburros-con-BURRO-2021-xx-small-1.png","width":500,"height":160,"caption":"Cantaburros"},"image":{"@id":"https:\/\/cantaburros.es\/da\/#\/schema\/logo\/image\/"}}]}},"_links":{"self":[{"href":"https:\/\/cantaburros.es\/da\/wp-json\/wp\/v2\/pages\/10815","targetHints":{"allow":["GET"]}}],"collection":[{"href":"https:\/\/cantaburros.es\/da\/wp-json\/wp\/v2\/pages"}],"about":[{"href":"https:\/\/cantaburros.es\/da\/wp-json\/wp\/v2\/types\/page"}],"author":[{"embeddable":true,"href":"https:\/\/cantaburros.es\/da\/wp-json\/wp\/v2\/users\/2"}],"replies":[{"embeddable":true,"href":"https:\/\/cantaburros.es\/da\/wp-json\/wp\/v2\/comments?post=10815"}],"version-history":[{"count":67,"href":"https:\/\/cantaburros.es\/da\/wp-json\/wp\/v2\/pages\/10815\/revisions"}],"predecessor-version":[{"id":15431,"href":"https:\/\/cantaburros.es\/da\/wp-json\/wp\/v2\/pages\/10815\/revisions\/15431"}],"wp:featuredmedia":[{"embeddable":true,"href":"https:\/\/cantaburros.es\/da\/wp-json\/wp\/v2\/media\/10842"}],"wp:attachment":[{"href":"https:\/\/cantaburros.es\/da\/wp-json\/wp\/v2\/media?parent=10815"}],"curies":[{"name":"wp","href":"https:\/\/api.w.org\/{rel}","templated":true}]}}